{"id":29890,"date":"2017-11-22T14:34:12","date_gmt":"2017-11-22T13:34:12","guid":{"rendered":"http:\/\/www.linea-trend.ch\/?page_id=29890"},"modified":"2017-11-22T14:34:12","modified_gmt":"2017-11-22T13:34:12","slug":"ou-nous-sommes","status":"publish","type":"page","link":"https:\/\/www.linea-trend.ch\/fr\/ou-nous-sommes\/","title":{"rendered":"O\u00f9 nous sommes"},"content":{"rendered":"<p>[et_pb_section bb_built=\u00a0\u00bb1&Prime; fullwidth=\u00a0\u00bbon\u00a0\u00bb specialty=\u00a0\u00bboff\u00a0\u00bb][et_pb_fullwidth_map _builder_version=\u00a0\u00bb3.0.64&Prime; mouse_wheel=\u00a0\u00bboff\u00a0\u00bb mobile_dragging=\u00a0\u00bbon\u00a0\u00bb address=\u00a0\u00bbVia Trevano 73, 6900 Lugano, Switzerland\u00a0\u00bb address_lat=\u00a0\u00bb46.0190643&Prime; address_lng=\u00a0\u00bb8.95695980000005&Prime;]<\/p>\n<p>[et_pb_map_pin pin_address=\u00a0\u00bbVia Trevano 73, 6900 Lugano, Switzerland\u00a0\u00bb pin_address_lat=\u00a0\u00bb46.0190643&Prime; pin_address_lng=\u00a0\u00bb8.95695980000005&Prime; \/]<\/p>\n<p>[\/et_pb_fullwidth_map][\/et_pb_section][et_pb_section bb_built=\u00a0\u00bb1&Prime; _builder_version=\u00a0\u00bb3.0.64&Prime;][et_pb_row][et_pb_column type=\u00a0\u00bb1_4&Prime;][\/et_pb_column][et_pb_column type=\u00a0\u00bb1_2&Prime;][et_pb_text _builder_version=\u00a0\u00bb3.0.89&Prime; background_layout=\u00a0\u00bblight\u00a0\u00bb border_style=\u00a0\u00bbsolid\u00a0\u00bb custom_css_main_element=\u00a0\u00bbborder-bottom:1px solid #dad7d7;\u00a0\u00bb]<\/p>\n<h1 style=\"text-align: center;\"><i class=\"fa fa-map-marker\"><\/i> OU NOUS SOMMES<\/h1>\n<p>[\/et_pb_text][et_pb_text _builder_version=\u00a0\u00bb3.0.89&Prime; background_layout=\u00a0\u00bblight\u00a0\u00bb border_style=\u00a0\u00bbsolid\u00a0\u00bb]<\/p>\n<p style=\"text-align: center;\">Linea Trend se trouve <strong style=\"border-bottom:1px dashed orange\">via Trevano 73<\/strong>, dans une art\u00e8re strat\u00e9gique de la ville de Lugano. On peut \u00e9galement arriver facilement au point de vente en bus <strong>TPL<\/strong> par la <strong>ligne 7<\/strong>. Stationnements disponibles dans tout le quartier.<\/p>\n<p>[\/et_pb_text][\/et_pb_column][et_pb_column type=\u00a0\u00bb1_4&Prime;][\/et_pb_column][\/et_pb_row][et_pb_row][et_pb_column type=\u00a0\u00bb4_4&Prime;][et_pb_code _builder_version=\u00a0\u00bb3.0.64&Prime;]&lt;link rel=&quot;stylesheet&quot; href=&quot;https:\/\/cdnjs.cloudflare.com\/ajax\/libs\/font-awesome\/4.7.0\/css\/font-awesome.min.css&quot;&gt;[\/et_pb_code][\/et_pb_column][\/et_pb_row][\/et_pb_section]<\/p>\n","protected":false},"excerpt":{"rendered":"<p><div class=\"et_pb_row et_pb_row_0 et_pb_row_empty\">\n\t\t\t\t\n\t\t\t\t\n\t\t\t\t\n\t\t\t\t\n\t\t\t\t\n\t\t\t<\/div> OU NOUS SOMMES Linea Trend se trouve via Trevano 73, dans une art\u00e8re strat\u00e9gique de la ville de Lugano. On peut \u00e9galement arriver facilement au point de vente en bus TPL par la ligne 7. Stationnements disponibles dans tout le quartier. <div class=\"et_pb_row et_pb_row_1 et_pb_row_empty\">\n\t\t\t\t\n\t\t\t\t\n\t\t\t\t\n\t\t\t\t\n\t\t\t\t\n\t\t\t<\/div><\/p>\n","protected":false},"author":1,"featured_media":0,"parent":0,"menu_order":0,"comment_status":"closed","ping_status":"closed","template":"","meta":{"_et_pb_use_builder":"on","_et_pb_old_content":"","_et_gb_content_width":"","footnotes":""},"class_list":["post-29890","page","type-page","status-publish","hentry"],"yoast_head":"<!-- This site is optimized with the Yoast SEO plugin v27.5 - https:\/\/yoast.com\/product\/yoast-seo-wordpress\/ -->\n<title>O\u00f9 nous sommes - Linea Trend<\/title>\n<meta name=\"robots\" content=\"index, follow, max-snippet:-1, max-image-preview:large, max-video-preview:-1\" \/>\n<link rel=\"canonical\" href=\"https:\/\/www.linea-trend.ch\/fr\/ou-nous-sommes\/\" \/>\n<meta property=\"og:locale\" content=\"fr_FR\" \/>\n<meta property=\"og:type\" content=\"article\" \/>\n<meta property=\"og:title\" content=\"O\u00f9 nous sommes - Linea Trend\" \/>\n<meta property=\"og:description\" content=\"OU NOUS SOMMES Linea Trend se trouve via Trevano 73, dans une art\u00e8re strat\u00e9gique de la ville de Lugano. On peut \u00e9galement arriver facilement au point de vente en bus TPL par la ligne 7. Stationnements disponibles dans tout le quartier.\" \/>\n<meta property=\"og:url\" content=\"https:\/\/www.linea-trend.ch\/fr\/ou-nous-sommes\/\" \/>\n<meta property=\"og:site_name\" content=\"Linea Trend\" \/>\n<meta name=\"twitter:card\" content=\"summary_large_image\" \/>\n<meta name=\"twitter:label1\" content=\"Dur\u00e9e de lecture estim\u00e9e\" \/>\n\t<meta name=\"twitter:data1\" content=\"1 minute\" \/>\n<script type=\"application\/ld+json\" class=\"yoast-schema-graph\">{\"@context\":\"https:\\\/\\\/schema.org\",\"@graph\":[{\"@type\":\"WebPage\",\"@id\":\"https:\\\/\\\/www.linea-trend.ch\\\/fr\\\/ou-nous-sommes\\\/\",\"url\":\"https:\\\/\\\/www.linea-trend.ch\\\/fr\\\/ou-nous-sommes\\\/\",\"name\":\"O\u00f9 nous sommes - Linea Trend\",\"isPartOf\":{\"@id\":\"https:\\\/\\\/www.linea-trend.ch\\\/fr\\\/#website\"},\"datePublished\":\"2017-11-22T13:34:12+00:00\",\"breadcrumb\":{\"@id\":\"https:\\\/\\\/www.linea-trend.ch\\\/fr\\\/ou-nous-sommes\\\/#breadcrumb\"},\"inLanguage\":\"fr-FR\",\"potentialAction\":[{\"@type\":\"ReadAction\",\"target\":[\"https:\\\/\\\/www.linea-trend.ch\\\/fr\\\/ou-nous-sommes\\\/\"]}]},{\"@type\":\"BreadcrumbList\",\"@id\":\"https:\\\/\\\/www.linea-trend.ch\\\/fr\\\/ou-nous-sommes\\\/#breadcrumb\",\"itemListElement\":[{\"@type\":\"ListItem\",\"position\":1,\"name\":\"Home\",\"item\":\"https:\\\/\\\/www.linea-trend.ch\\\/fr\\\/\"},{\"@type\":\"ListItem\",\"position\":2,\"name\":\"O\u00f9 nous sommes\"}]},{\"@type\":\"WebSite\",\"@id\":\"https:\\\/\\\/www.linea-trend.ch\\\/fr\\\/#website\",\"url\":\"https:\\\/\\\/www.linea-trend.ch\\\/fr\\\/\",\"name\":\"Linea Trend\",\"description\":\"\",\"potentialAction\":[{\"@type\":\"SearchAction\",\"target\":{\"@type\":\"EntryPoint\",\"urlTemplate\":\"https:\\\/\\\/www.linea-trend.ch\\\/fr\\\/?s={search_term_string}\"},\"query-input\":{\"@type\":\"PropertyValueSpecification\",\"valueRequired\":true,\"valueName\":\"search_term_string\"}}],\"inLanguage\":\"fr-FR\"}]}<\/script>\n<!-- \/ Yoast SEO plugin. -->","yoast_head_json":{"title":"O\u00f9 nous sommes - Linea Trend","robots":{"index":"index","follow":"follow","max-snippet":"max-snippet:-1","max-image-preview":"max-image-preview:large","max-video-preview":"max-video-preview:-1"},"canonical":"https:\/\/www.linea-trend.ch\/fr\/ou-nous-sommes\/","og_locale":"fr_FR","og_type":"article","og_title":"O\u00f9 nous sommes - Linea Trend","og_description":"OU NOUS SOMMES Linea Trend se trouve via Trevano 73, dans une art\u00e8re strat\u00e9gique de la ville de Lugano. On peut \u00e9galement arriver facilement au point de vente en bus TPL par la ligne 7. Stationnements disponibles dans tout le quartier.","og_url":"https:\/\/www.linea-trend.ch\/fr\/ou-nous-sommes\/","og_site_name":"Linea Trend","twitter_card":"summary_large_image","twitter_misc":{"Dur\u00e9e de lecture estim\u00e9e":"1 minute"},"schema":{"@context":"https:\/\/schema.org","@graph":[{"@type":"WebPage","@id":"https:\/\/www.linea-trend.ch\/fr\/ou-nous-sommes\/","url":"https:\/\/www.linea-trend.ch\/fr\/ou-nous-sommes\/","name":"O\u00f9 nous sommes - Linea Trend","isPartOf":{"@id":"https:\/\/www.linea-trend.ch\/fr\/#website"},"datePublished":"2017-11-22T13:34:12+00:00","breadcrumb":{"@id":"https:\/\/www.linea-trend.ch\/fr\/ou-nous-sommes\/#breadcrumb"},"inLanguage":"fr-FR","potentialAction":[{"@type":"ReadAction","target":["https:\/\/www.linea-trend.ch\/fr\/ou-nous-sommes\/"]}]},{"@type":"BreadcrumbList","@id":"https:\/\/www.linea-trend.ch\/fr\/ou-nous-sommes\/#breadcrumb","itemListElement":[{"@type":"ListItem","position":1,"name":"Home","item":"https:\/\/www.linea-trend.ch\/fr\/"},{"@type":"ListItem","position":2,"name":"O\u00f9 nous sommes"}]},{"@type":"WebSite","@id":"https:\/\/www.linea-trend.ch\/fr\/#website","url":"https:\/\/www.linea-trend.ch\/fr\/","name":"Linea Trend","description":"","potentialAction":[{"@type":"SearchAction","target":{"@type":"EntryPoint","urlTemplate":"https:\/\/www.linea-trend.ch\/fr\/?s={search_term_string}"},"query-input":{"@type":"PropertyValueSpecification","valueRequired":true,"valueName":"search_term_string"}}],"inLanguage":"fr-FR"}]}},"_links":{"self":[{"href":"https:\/\/www.linea-trend.ch\/fr\/wp-json\/wp\/v2\/pages\/29890","targetHints":{"allow":["GET"]}}],"collection":[{"href":"https:\/\/www.linea-trend.ch\/fr\/wp-json\/wp\/v2\/pages"}],"about":[{"href":"https:\/\/www.linea-trend.ch\/fr\/wp-json\/wp\/v2\/types\/page"}],"author":[{"embeddable":true,"href":"https:\/\/www.linea-trend.ch\/fr\/wp-json\/wp\/v2\/users\/1"}],"replies":[{"embeddable":true,"href":"https:\/\/www.linea-trend.ch\/fr\/wp-json\/wp\/v2\/comments?post=29890"}],"version-history":[{"count":1,"href":"https:\/\/www.linea-trend.ch\/fr\/wp-json\/wp\/v2\/pages\/29890\/revisions"}],"predecessor-version":[{"id":29891,"href":"https:\/\/www.linea-trend.ch\/fr\/wp-json\/wp\/v2\/pages\/29890\/revisions\/29891"}],"wp:attachment":[{"href":"https:\/\/www.linea-trend.ch\/fr\/wp-json\/wp\/v2\/media?parent=29890"}],"curies":[{"name":"wp","href":"https:\/\/api.w.org\/{rel}","templated":true}]}}