{"id":29846,"date":"2017-11-22T10:48:58","date_gmt":"2017-11-22T09:48:58","guid":{"rendered":"http:\/\/www.linea-trend.ch\/?page_id=29846"},"modified":"2017-11-22T10:48:58","modified_gmt":"2017-11-22T09:48:58","slug":"unser-fachgeschaeft","status":"publish","type":"page","link":"https:\/\/www.linea-trend.ch\/de\/unser-fachgeschaeft\/","title":{"rendered":"Unser Fachgesch\u00e4ft"},"content":{"rendered":"<p>[et_pb_section bb_built=&#8220;1&#8243; fullwidth=&#8220;on&#8220; specialty=&#8220;off&#8220;][et_pb_fullwidth_map _builder_version=&#8220;3.0.89&#8243; mouse_wheel=&#8220;off&#8220; mobile_dragging=&#8220;on&#8220; address=&#8220;Via Trevano 73, 6900 Lugano, Switzerland&#8220; address_lat=&#8220;46.0190643&#8243; address_lng=&#8220;8.95695980000005&#8243; use_grayscale_filter=&#8220;off&#8220;]<\/p>\n<p>[et_pb_map_pin pin_address=&#8220;Via Trevano 73, 6900 Lugano, Switzerland&#8220; pin_address_lat=&#8220;46.0190643&#8243; pin_address_lng=&#8220;8.95695980000005&#8243; \/]<\/p>\n<p>[\/et_pb_fullwidth_map][\/et_pb_section][et_pb_section bb_built=&#8220;1&#8243; _builder_version=&#8220;3.0.64&#8243;][et_pb_row][et_pb_column type=&#8220;1_4&#8243;][\/et_pb_column][et_pb_column type=&#8220;1_2&#8243;][et_pb_text _builder_version=&#8220;3.0.89&#8243; background_layout=&#8220;light&#8220; border_style=&#8220;solid&#8220; custom_css_main_element=&#8220;border-bottom:1px solid #dad7d7;&#8220;]<\/p>\n<h1 style=\"text-align: center;\"><i class=\"fa fa-map-marker\"><\/i> UNSER FACHGESCH\u00c4FT<\/h1>\n<p>[\/et_pb_text][et_pb_text _builder_version=&#8220;3.0.89&#8243; background_layout=&#8220;light&#8220; border_style=&#8220;solid&#8220;]<\/p>\n<p style=\"text-align: center;\">Linea Trend finden Sie in der <strong style=\"border-bottom:1px dashed orange\">via Trevano 73<\/strong>, in einer strategischen Verkehrsader der Stadt Lugano. Das Fachgesch\u00e4ft ist auch per  <strong>TPL-Bus der Linie 7 gut erreichbar<\/strong>. Parkpl\u00e4tze gibt es \u00fcberall in der N\u00e4he.<\/p>\n<p>[\/et_pb_text][\/et_pb_column][et_pb_column type=&#8220;1_4&#8243;][\/et_pb_column][\/et_pb_row][et_pb_row][et_pb_column type=&#8220;4_4&#8243;][et_pb_code _builder_version=&#8220;3.0.89&#8243;]&lt;link rel=&quot;stylesheet&quot; href=&quot;https:\/\/cdnjs.cloudflare.com\/ajax\/libs\/font-awesome\/4.7.0\/css\/font-awesome.min.css&quot;&gt;[\/et_pb_code][\/et_pb_column][\/et_pb_row][\/et_pb_section]<\/p>\n","protected":false},"excerpt":{"rendered":"<p><div class=\"et_pb_row et_pb_row_0 et_pb_row_empty\">\n\t\t\t\t\n\t\t\t\t\n\t\t\t\t\n\t\t\t\t\n\t\t\t\t\n\t\t\t<\/div> UNSER FACHGESCH\u00c4FT Linea Trend finden Sie in der via Trevano 73, in einer strategischen Verkehrsader der Stadt Lugano. Das Fachgesch\u00e4ft ist auch per TPL-Bus der Linie 7 gut erreichbar. Parkpl\u00e4tze gibt es \u00fcberall in der N\u00e4he. <div class=\"et_pb_row et_pb_row_1 et_pb_row_empty\">\n\t\t\t\t\n\t\t\t\t\n\t\t\t\t\n\t\t\t\t\n\t\t\t\t\n\t\t\t<\/div><\/p>\n","protected":false},"author":1,"featured_media":0,"parent":0,"menu_order":0,"comment_status":"closed","ping_status":"closed","template":"","meta":{"_et_pb_use_builder":"on","_et_pb_old_content":"","_et_gb_content_width":"","footnotes":""},"class_list":["post-29846","page","type-page","status-publish","hentry"],"yoast_head":"<!-- This site is optimized with the Yoast SEO plugin v27.5 - https:\/\/yoast.com\/product\/yoast-seo-wordpress\/ -->\n<title>Unser Fachgesch\u00e4ft - Linea Trend<\/title>\n<meta name=\"robots\" content=\"index, follow, max-snippet:-1, max-image-preview:large, max-video-preview:-1\" \/>\n<link rel=\"canonical\" href=\"https:\/\/www.linea-trend.ch\/de\/unser-fachgeschaeft\/\" \/>\n<meta property=\"og:locale\" content=\"de_DE\" \/>\n<meta property=\"og:type\" content=\"article\" \/>\n<meta property=\"og:title\" content=\"Unser Fachgesch\u00e4ft - Linea Trend\" \/>\n<meta property=\"og:description\" content=\"UNSER FACHGESCH\u00c4FT Linea Trend finden Sie in der via Trevano 73, in einer strategischen Verkehrsader der Stadt Lugano. Das Fachgesch\u00e4ft ist auch per TPL-Bus der Linie 7 gut erreichbar. Parkpl\u00e4tze gibt es \u00fcberall in der N\u00e4he.\" \/>\n<meta property=\"og:url\" content=\"https:\/\/www.linea-trend.ch\/de\/unser-fachgeschaeft\/\" \/>\n<meta property=\"og:site_name\" content=\"Linea Trend\" \/>\n<meta name=\"twitter:card\" content=\"summary_large_image\" \/>\n<meta name=\"twitter:label1\" content=\"Gesch\u00e4tzte Lesezeit\" \/>\n\t<meta name=\"twitter:data1\" content=\"1\u00a0Minute\" \/>\n<script type=\"application\/ld+json\" class=\"yoast-schema-graph\">{\"@context\":\"https:\\\/\\\/schema.org\",\"@graph\":[{\"@type\":\"WebPage\",\"@id\":\"https:\\\/\\\/www.linea-trend.ch\\\/de\\\/unser-fachgeschaeft\\\/\",\"url\":\"https:\\\/\\\/www.linea-trend.ch\\\/de\\\/unser-fachgeschaeft\\\/\",\"name\":\"Unser Fachgesch\u00e4ft - Linea Trend\",\"isPartOf\":{\"@id\":\"https:\\\/\\\/www.linea-trend.ch\\\/de\\\/#website\"},\"datePublished\":\"2017-11-22T09:48:58+00:00\",\"breadcrumb\":{\"@id\":\"https:\\\/\\\/www.linea-trend.ch\\\/de\\\/unser-fachgeschaeft\\\/#breadcrumb\"},\"inLanguage\":\"de\",\"potentialAction\":[{\"@type\":\"ReadAction\",\"target\":[\"https:\\\/\\\/www.linea-trend.ch\\\/de\\\/unser-fachgeschaeft\\\/\"]}]},{\"@type\":\"BreadcrumbList\",\"@id\":\"https:\\\/\\\/www.linea-trend.ch\\\/de\\\/unser-fachgeschaeft\\\/#breadcrumb\",\"itemListElement\":[{\"@type\":\"ListItem\",\"position\":1,\"name\":\"Home\",\"item\":\"https:\\\/\\\/www.linea-trend.ch\\\/de\\\/\"},{\"@type\":\"ListItem\",\"position\":2,\"name\":\"Unser Fachgesch\u00e4ft\"}]},{\"@type\":\"WebSite\",\"@id\":\"https:\\\/\\\/www.linea-trend.ch\\\/de\\\/#website\",\"url\":\"https:\\\/\\\/www.linea-trend.ch\\\/de\\\/\",\"name\":\"Linea Trend\",\"description\":\"Vestiamo i professionisti dalla testa ai piedi, vieni a trovarci se non ci credi !\",\"potentialAction\":[{\"@type\":\"SearchAction\",\"target\":{\"@type\":\"EntryPoint\",\"urlTemplate\":\"https:\\\/\\\/www.linea-trend.ch\\\/de\\\/?s={search_term_string}\"},\"query-input\":{\"@type\":\"PropertyValueSpecification\",\"valueRequired\":true,\"valueName\":\"search_term_string\"}}],\"inLanguage\":\"de\"}]}<\/script>\n<!-- \/ Yoast SEO plugin. -->","yoast_head_json":{"title":"Unser Fachgesch\u00e4ft - Linea Trend","robots":{"index":"index","follow":"follow","max-snippet":"max-snippet:-1","max-image-preview":"max-image-preview:large","max-video-preview":"max-video-preview:-1"},"canonical":"https:\/\/www.linea-trend.ch\/de\/unser-fachgeschaeft\/","og_locale":"de_DE","og_type":"article","og_title":"Unser Fachgesch\u00e4ft - Linea Trend","og_description":"UNSER FACHGESCH\u00c4FT Linea Trend finden Sie in der via Trevano 73, in einer strategischen Verkehrsader der Stadt Lugano. Das Fachgesch\u00e4ft ist auch per TPL-Bus der Linie 7 gut erreichbar. Parkpl\u00e4tze gibt es \u00fcberall in der N\u00e4he.","og_url":"https:\/\/www.linea-trend.ch\/de\/unser-fachgeschaeft\/","og_site_name":"Linea Trend","twitter_card":"summary_large_image","twitter_misc":{"Gesch\u00e4tzte Lesezeit":"1\u00a0Minute"},"schema":{"@context":"https:\/\/schema.org","@graph":[{"@type":"WebPage","@id":"https:\/\/www.linea-trend.ch\/de\/unser-fachgeschaeft\/","url":"https:\/\/www.linea-trend.ch\/de\/unser-fachgeschaeft\/","name":"Unser Fachgesch\u00e4ft - Linea Trend","isPartOf":{"@id":"https:\/\/www.linea-trend.ch\/de\/#website"},"datePublished":"2017-11-22T09:48:58+00:00","breadcrumb":{"@id":"https:\/\/www.linea-trend.ch\/de\/unser-fachgeschaeft\/#breadcrumb"},"inLanguage":"de","potentialAction":[{"@type":"ReadAction","target":["https:\/\/www.linea-trend.ch\/de\/unser-fachgeschaeft\/"]}]},{"@type":"BreadcrumbList","@id":"https:\/\/www.linea-trend.ch\/de\/unser-fachgeschaeft\/#breadcrumb","itemListElement":[{"@type":"ListItem","position":1,"name":"Home","item":"https:\/\/www.linea-trend.ch\/de\/"},{"@type":"ListItem","position":2,"name":"Unser Fachgesch\u00e4ft"}]},{"@type":"WebSite","@id":"https:\/\/www.linea-trend.ch\/de\/#website","url":"https:\/\/www.linea-trend.ch\/de\/","name":"Linea Trend","description":"Vestiamo i professionisti dalla testa ai piedi, vieni a trovarci se non ci credi !","potentialAction":[{"@type":"SearchAction","target":{"@type":"EntryPoint","urlTemplate":"https:\/\/www.linea-trend.ch\/de\/?s={search_term_string}"},"query-input":{"@type":"PropertyValueSpecification","valueRequired":true,"valueName":"search_term_string"}}],"inLanguage":"de"}]}},"_links":{"self":[{"href":"https:\/\/www.linea-trend.ch\/de\/wp-json\/wp\/v2\/pages\/29846","targetHints":{"allow":["GET"]}}],"collection":[{"href":"https:\/\/www.linea-trend.ch\/de\/wp-json\/wp\/v2\/pages"}],"about":[{"href":"https:\/\/www.linea-trend.ch\/de\/wp-json\/wp\/v2\/types\/page"}],"author":[{"embeddable":true,"href":"https:\/\/www.linea-trend.ch\/de\/wp-json\/wp\/v2\/users\/1"}],"replies":[{"embeddable":true,"href":"https:\/\/www.linea-trend.ch\/de\/wp-json\/wp\/v2\/comments?post=29846"}],"version-history":[{"count":1,"href":"https:\/\/www.linea-trend.ch\/de\/wp-json\/wp\/v2\/pages\/29846\/revisions"}],"predecessor-version":[{"id":29847,"href":"https:\/\/www.linea-trend.ch\/de\/wp-json\/wp\/v2\/pages\/29846\/revisions\/29847"}],"wp:attachment":[{"href":"https:\/\/www.linea-trend.ch\/de\/wp-json\/wp\/v2\/media?parent=29846"}],"curies":[{"name":"wp","href":"https:\/\/api.w.org\/{rel}","templated":true}]}}